{"id":222,"date":"2023-10-17T17:56:01","date_gmt":"2023-10-17T17:56:01","guid":{"rendered":"https:\/\/vskoe.de\/?page_id=222"},"modified":"2026-04-28T08:12:11","modified_gmt":"2026-04-28T06:12:11","slug":"beratung","status":"publish","type":"page","link":"https:\/\/vskoe.de\/?page_id=222","title":{"rendered":"Schulberatung"},"content":{"rendered":"<div class=\"wp-block-image\">\n<figure class=\"aligncenter size-large is-resized\"><img loading=\"lazy\" decoding=\"async\" width=\"1024\" height=\"326\" src=\"https:\/\/vskoe.de\/wp-content\/uploads\/2026\/04\/Schulberatung_Logo_RGB_bunt_schwarz-1024x326.png\" alt=\"\" class=\"wp-image-1038\" style=\"aspect-ratio:3.141165591599584;width:521px;height:auto\" srcset=\"https:\/\/vskoe.de\/wp-content\/uploads\/2026\/04\/Schulberatung_Logo_RGB_bunt_schwarz-1024x326.png 1024w, https:\/\/vskoe.de\/wp-content\/uploads\/2026\/04\/Schulberatung_Logo_RGB_bunt_schwarz-300x95.png 300w, https:\/\/vskoe.de\/wp-content\/uploads\/2026\/04\/Schulberatung_Logo_RGB_bunt_schwarz-768x244.png 768w, https:\/\/vskoe.de\/wp-content\/uploads\/2026\/04\/Schulberatung_Logo_RGB_bunt_schwarz-1536x489.png 1536w, https:\/\/vskoe.de\/wp-content\/uploads\/2026\/04\/Schulberatung_Logo_RGB_bunt_schwarz-2048x652.png 2048w, https:\/\/vskoe.de\/wp-content\/uploads\/2026\/04\/Schulberatung_Logo_RGB_bunt_schwarz-1140x363.png 1140w\" sizes=\"auto, (max-width: 1024px) 100vw, 1024px\" \/><\/figure>\n<\/div>\n\n\n<p class=\"has-white-background-color has-text-color has-background\" style=\"color:#fbc438;font-size:25px\">Schulberatung an der Grund- und Mittelschule K\u00f6nigsdorf<\/p>\n\n\n\n<p>Die Schulberatung ist Teil des staatlichen Bildungs- und Erziehungsauftrages. Sie bietet Sch\u00fclern, Eltern und Lehrern\/Lehrerinnen qualifizierte Ansprechpartner an den Schulen. Die Schulberatung unterliegt der Schweigepflicht und ist kostenlos.<\/p>\n\n\n\n<p><a href=\"https:\/\/vskoe.de\/wp-content\/uploads\/2026\/04\/Elterbrief_Anmeldung-zur-Schulberatung_Koe-25-26.pdf\" data-type=\"link\" data-id=\"https:\/\/vskoe.de\/wp-content\/uploads\/2026\/04\/Elterbrief_Anmeldung-zur-Schulberatung_Koe-25-26.pdf\"><strong>Kontaktbrief f\u00fcr die K\u00f6nigsdorfer Elternschaft 25-26<\/strong> <\/a><\/p>\n\n\n\n<p class=\"has-white-background-color has-text-color has-background\" style=\"color:#559a9d;font-size:23px\">Beratungslehrkr\u00e4fte<\/p>\n\n\n\n<p>Zu den Aufgaben geh\u00f6rt es, bei der Bew\u00e4ltigung von Lern- und Leistungsschwierigkeiten, Verhaltensauff\u00e4lligkeiten und schulischen Konflikten zu helfen. Au\u00dferdem werden Sie hinsichtlich der Schullaufbahn Ihres Kindes beraten, wenn es z. B. um Fragen der Wiederholung, Zur\u00fcckstellung oder um den Besuch anderer weiterf\u00fchrender Schulen geht.<\/p>\n\n\n\n<p>Bei Problemen k\u00f6nnen Sie gerne Kontakt aufnehmen.<\/p>\n\n\n\n<p><a href=\"https:\/\/vskoe.de\/wp-content\/uploads\/2026\/04\/Anmeldung_2025-26-Koe.pdf\" data-type=\"link\" data-id=\"https:\/\/vskoe.de\/wp-content\/uploads\/2026\/04\/Anmeldung_2025-26-Koe.pdf\"><strong>Anmeldeformular zur Schulberatung<\/strong><\/a><\/p>\n\n\n\n<p><strong>Anne Liebmann<\/strong><br>Schulpsychologin<br>Sedlmeierstr. 10, 82549 K\u00f6nigsdorf<br><span style=\"color: initial;\">Tel.: 08171-3466348 <\/span><em style=\"color: initial;\">(Mo. 12-12:30 Uhr oder AB<\/em><span style=\"color: initial;\">)<\/span><br>E-Mail: a.liebmann[at]vskoe.de<\/p>\n\n\n\n<p><strong>Bischoff, Sabine <\/strong><br>Beratungslehrerin<br>Sedlmeierstr. 10, 82549 K\u00f6nigsdorf<br>Tel.: 0151 2023 0825<span style=\"color: initial;\"> <\/span><em style=\"color: initial;\">(Mo. 8:40\u20139:25 Uhr oder AB)&nbsp;&nbsp; <\/em><br>E-Mail: sabine.bischoff[at]schulberatung.gsms-ob.de<\/p>\n\n\n\n<p><strong>Basel Johanna<\/strong><br>Beratungsrektorin am Schulamt<br>Prof.-Max-Lange-Platz 1, 83646 Bad T\u00f6lz<br>Tel: 08041 505-412 (t\u00e4glich von 07.30 bis 08.15 und 13.00 bis 14.00 Uhr; sollte der Anrufbeantworter w\u00e4hrend der Sprechzeit aktiviert sein, beschreiben Sie kurz Ihr Anliegen und Sie werden zeitnah zur\u00fcckgerufen)<br>E-Mail: johanna-basel.spsy[at]lra-toelz.de<\/p>\n\n\n\n<p class=\"has-white-background-color has-text-color has-background\" style=\"color:#417078;font-size:25px\">Staatliche Schulberatung Bayern (Kultusministerium)<\/p>\n\n\n\n<ul class=\"wp-block-list\">\n<li>5 Minuten-Video zum bayerischen Schulsystem, deutsch: <a href=\"https:\/\/www.km.bayern.de\/lernen\/ubertritt-und-bildungswege\/das-bayerische-schulsystem\">Bayerisches Schulsystem | \u00dcbertritt und Bildungswege | Bayerisches Staatsministerium f\u00fcr Unterricht und Kultus<\/a><br><\/li>\n\n\n\n<li><a href=\"https:\/\/www.mein-bildungsweg.de\/infografik-deutsch\">Mein Bildungsweg<\/a> (<u>Infografik<\/u> mit Auswahl verschiedener Sprachen: englisch, russisch, t\u00fcrkisch, \u2026)<strong><br><\/strong><\/li>\n\n\n\n<li><a href=\"https:\/\/www.mein-bildungsweg.de\/\">Mein Bildungsweg<\/a> \u2013 <u>interaktive Seite<\/u> des Kultusministeriums<\/li>\n<\/ul>\n\n\n\n<ul class=\"wp-block-list\">\n<li><a href=\"https:\/\/www.schulberatung.bayern.de\/\">https:\/\/www.schulberatung.bayern.de\/<\/a><\/li>\n<\/ul>\n\n\n\n<p class=\"has-white-background-color has-text-color has-background\" style=\"color:#559a9d;font-size:25px\">\u00dcbertritt an weiterf\u00fchrende Schulen<\/p>\n\n\n\n<p><a href=\"https:\/\/www.km.bayern.de\/lernen\/ubertritt-und-bildungswege\/uebertritt\">\u00dcbertritt und Schulartwechsel | \u00dcbertritt und Bildungswege | Bayerisches Staatsministerium f\u00fcr Unterricht und Kultus<\/a><\/p>\n\n\n\n<p class=\"has-white-background-color has-text-color has-background\" style=\"color:#fbc438;font-size:25px\">Inklusionsberatung im Landkreis<\/p>\n\n\n\n<p><a href=\"https:\/\/vskoe.de\/wp-content\/uploads\/2025\/10\/Flyer-Inklusionsberatung-2025_2026_.docx-neu-002.pdf\" data-type=\"link\" data-id=\"https:\/\/vskoe.de\/wp-content\/uploads\/2025\/10\/Flyer-Inklusionsberatung-2025_2026_.docx-neu-002.pdf\"><strong>Flyer der Inklusionsberatung<\/strong><\/a><\/p>\n\n\n\n<p class=\"has-medium-font-size\"><\/p>\n\n\n\n<p style=\"font-size:41px\"><\/p>\n","protected":false},"excerpt":{"rendered":"<p>Schulberatung an der Grund- und Mittelschule K\u00f6nigsdorf Die Schulberatung ist Teil des staatlichen Bildungs- und Erziehungsauftrages. Sie bietet Sch\u00fclern, Eltern und Lehrern\/Lehrerinnen qualifizierte Ansprechpartner an den Schulen. Die Schulberatung unterliegt der Schweigepflicht und ist kostenlos. Kontaktbrief f\u00fcr die K\u00f6nigsdorfer Elternschaft 25-26 Beratungslehrkr\u00e4fte Zu den Aufgaben geh\u00f6rt es, bei der Bew\u00e4ltigung von Lern- und Leistungsschwierigkeiten, Verhaltensauff\u00e4lligkeiten und schulischen Konflikten zu helfen. Au\u00dferdem werden Sie hinsichtlich der Schullaufbahn Ihres Kindes beraten, wenn es z. B. um Fragen der Wiederholung, Zur\u00fcckstellung oder um den Besuch anderer weiterf\u00fchrender Schulen geht. Bei Problemen k\u00f6nnen Sie gerne Kontakt aufnehmen. Anmeldeformular zur Schulberatung Anne LiebmannSchulpsychologinSedlmeierstr. 10, 82549 K\u00f6nigsdorfTel.: 08171-3466348 (Mo. 12-12:30 Uhr oder AB)E-Mail: a.liebmann[at]vskoe.de Bischoff, Sabine BeratungslehrerinSedlmeierstr. 10, 82549 K\u00f6nigsdorfTel.: 0151 2023 0825 (Mo. 8:40\u20139:25 Uhr oder AB)&nbsp;&nbsp; E-Mail: sabine.bischoff[at]schulberatung.gsms-ob.de Basel JohannaBeratungsrektorin am SchulamtProf.-Max-Lange-Platz 1, 83646 Bad T\u00f6lzTel: 08041 505-412 (t\u00e4glich von 07.30 bis 08.15 und 13.00 bis 14.00 Uhr; sollte der Anrufbeantworter w\u00e4hrend der Sprechzeit aktiviert sein, beschreiben Sie kurz Ihr Anliegen und Sie werden zeitnah zur\u00fcckgerufen)E-Mail: johanna-basel.spsy[at]lra-toelz.de Staatliche Schulberatung Bayern (Kultusministerium) \u00dcbertritt an weiterf\u00fchrende Schulen \u00dcbertritt und Schulartwechsel | \u00dcbertritt und Bildungswege | Bayerisches Staatsministerium f\u00fcr Unterricht und Kultus Inklusionsberatung im Landkreis Flyer der Inklusionsberatung<\/p>\n","protected":false},"author":3,"featured_media":0,"parent":0,"menu_order":0,"comment_status":"closed","ping_status":"closed","template":"","meta":{"footnotes":""},"class_list":["post-222","page","type-page","status-publish","hentry"],"_links":{"self":[{"href":"https:\/\/vskoe.de\/index.php?rest_route=\/wp\/v2\/pages\/222","targetHints":{"allow":["GET"]}}],"collection":[{"href":"https:\/\/vskoe.de\/index.php?rest_route=\/wp\/v2\/pages"}],"about":[{"href":"https:\/\/vskoe.de\/index.php?rest_route=\/wp\/v2\/types\/page"}],"author":[{"embeddable":true,"href":"https:\/\/vskoe.de\/index.php?rest_route=\/wp\/v2\/users\/3"}],"replies":[{"embeddable":true,"href":"https:\/\/vskoe.de\/index.php?rest_route=%2Fwp%2Fv2%2Fcomments&post=222"}],"version-history":[{"count":57,"href":"https:\/\/vskoe.de\/index.php?rest_route=\/wp\/v2\/pages\/222\/revisions"}],"predecessor-version":[{"id":1217,"href":"https:\/\/vskoe.de\/index.php?rest_route=\/wp\/v2\/pages\/222\/revisions\/1217"}],"wp:attachment":[{"href":"https:\/\/vskoe.de\/index.php?rest_route=%2Fwp%2Fv2%2Fmedia&parent=222"}],"curies":[{"name":"wp","href":"https:\/\/api.w.org\/{rel}","templated":true}]}}