{"id":1289,"date":"2026-04-28T16:15:02","date_gmt":"2026-04-28T14:15:02","guid":{"rendered":"https:\/\/vskoe.de\/?page_id=1289"},"modified":"2026-04-28T16:16:44","modified_gmt":"2026-04-28T14:16:44","slug":"uebertrittsberatung","status":"publish","type":"page","link":"https:\/\/vskoe.de\/?page_id=1289","title":{"rendered":"\u00dcbertrittsberatung"},"content":{"rendered":"\n<p class=\"has-text-color has-link-color wp-elements-a2361764cf35cd0058a173c7e84b3c4d\" style=\"color:#8ebd48;font-size:35px\">Kontaktdaten f\u00fcr die zus\u00e4tzliche \u00dcbertrittsberatung<\/p>\n\n\n\n<div style=\"height:40px\" aria-hidden=\"true\" class=\"wp-block-spacer\"><\/div>\n\n\n\n<p><strong>Beratung f\u00fcr die Mittelschulen:<\/strong><br>Frau Judith Heil<br>Telefon: 08857 &#8211; 694413<br>E- Mail: judith.hausmann@schulberatung.gsms-ob.de<\/p>\n\n\n\n<div style=\"height:40px\" aria-hidden=\"true\" class=\"wp-block-spacer\"><\/div>\n\n\n\n<p><strong>Beratung f\u00fcr die Realschulen:<\/strong><\/p>\n\n\n\n<figure class=\"wp-block-table\"><table><thead><tr><th>Beratungslehrkraft<\/th><th>Name<\/th><th>E-Mail-Adresse<\/th><\/tr><\/thead><tbody><tr><td>RS Wolfratshausen<\/td><td>Fr. S. Stuhrmann<\/td><td>beratung-stuhrmann@rs-wor.de<\/td><\/tr><tr><td>RS Geretsried<\/td><td>Fr. U. Avenarius<\/td><td>beratung@rsger.de<\/td><\/tr><tr><td>RS Bad T\u00f6lz<\/td><td>Hr. A. Rauch<\/td><td>a.rauch@rsbadtoelz.de<\/td><\/tr><\/tbody><\/table><\/figure>\n\n\n\n<div style=\"height:40px\" aria-hidden=\"true\" class=\"wp-block-spacer\"><\/div>\n\n\n\n<p><strong>Beratung f\u00fcr die Gymnasien:<\/strong><\/p>\n\n\n\n<figure class=\"wp-block-table\"><table><thead><tr><th>Beratungslehrkraft<\/th><th>Name<\/th><th>E-Mail-Adresse<\/th><\/tr><\/thead><tbody><tr><td>Gabriel-von-Seidl-Gymnasium<\/td><td>OStRin Claudia Seidl<\/td><td>beratung@gymtoelz.de<\/td><\/tr><tr><td>Rainer-Maria-Rilke-Gymnasium<\/td><td>OStRin Verena Lorenz<\/td><td>lorenz@gym-icking.de<\/td><\/tr><tr><td>Gymnasium Geretsried<\/td><td>Fr. Jahrstorfer<\/td><td>beatung@gymger.de<\/td><\/tr><\/tbody><\/table><\/figure>\n\n\n\n<div style=\"height:40px\" aria-hidden=\"true\" class=\"wp-block-spacer\"><\/div>\n\n\n\n<p><strong>Beratung f\u00fcr die Wirtschaftsschulen:<\/strong><br>Frau Regierungsschuldirektorin Elisabeth Overkamp<br>Telefon: 089 2176-2626<br>E- Mail: elisabeth.overkamp@reg-ob.bayern.de<\/p>\n","protected":false},"excerpt":{"rendered":"<p>Kontaktdaten f\u00fcr die zus\u00e4tzliche \u00dcbertrittsberatung Beratung f\u00fcr die Mittelschulen:Frau Judith HeilTelefon: 08857 &#8211; 694413E- Mail: judith.hausmann@schulberatung.gsms-ob.de Beratung f\u00fcr die Realschulen: Beratungslehrkraft Name E-Mail-Adresse RS Wolfratshausen Fr. S. Stuhrmann beratung-stuhrmann@rs-wor.de RS Geretsried Fr. U. Avenarius beratung@rsger.de RS Bad T\u00f6lz Hr. A. Rauch a.rauch@rsbadtoelz.de Beratung f\u00fcr die Gymnasien: Beratungslehrkraft Name E-Mail-Adresse Gabriel-von-Seidl-Gymnasium OStRin Claudia Seidl beratung@gymtoelz.de Rainer-Maria-Rilke-Gymnasium OStRin Verena Lorenz lorenz@gym-icking.de Gymnasium Geretsried Fr. Jahrstorfer beatung@gymger.de Beratung f\u00fcr die Wirtschaftsschulen:Frau Regierungsschuldirektorin Elisabeth OverkampTelefon: 089 2176-2626E- Mail: elisabeth.overkamp@reg-ob.bayern.de<\/p>\n","protected":false},"author":2,"featured_media":0,"parent":0,"menu_order":0,"comment_status":"closed","ping_status":"closed","template":"","meta":{"footnotes":""},"class_list":["post-1289","page","type-page","status-publish","hentry"],"_links":{"self":[{"href":"https:\/\/vskoe.de\/index.php?rest_route=\/wp\/v2\/pages\/1289","targetHints":{"allow":["GET"]}}],"collection":[{"href":"https:\/\/vskoe.de\/index.php?rest_route=\/wp\/v2\/pages"}],"about":[{"href":"https:\/\/vskoe.de\/index.php?rest_route=\/wp\/v2\/types\/page"}],"author":[{"embeddable":true,"href":"https:\/\/vskoe.de\/index.php?rest_route=\/wp\/v2\/users\/2"}],"replies":[{"embeddable":true,"href":"https:\/\/vskoe.de\/index.php?rest_route=%2Fwp%2Fv2%2Fcomments&post=1289"}],"version-history":[{"count":2,"href":"https:\/\/vskoe.de\/index.php?rest_route=\/wp\/v2\/pages\/1289\/revisions"}],"predecessor-version":[{"id":1293,"href":"https:\/\/vskoe.de\/index.php?rest_route=\/wp\/v2\/pages\/1289\/revisions\/1293"}],"wp:attachment":[{"href":"https:\/\/vskoe.de\/index.php?rest_route=%2Fwp%2Fv2%2Fmedia&parent=1289"}],"curies":[{"name":"wp","href":"https:\/\/api.w.org\/{rel}","templated":true}]}}