{"id":1283,"date":"2026-04-28T16:00:10","date_gmt":"2026-04-28T14:00:10","guid":{"rendered":"https:\/\/vskoe.de\/?page_id=1283"},"modified":"2026-04-28T16:05:19","modified_gmt":"2026-04-28T14:05:19","slug":"uebertritt-nach-der-grundschule","status":"publish","type":"page","link":"https:\/\/vskoe.de\/?page_id=1283","title":{"rendered":"\u00dcbertritt nach der Grundschule"},"content":{"rendered":"\n<h2 class=\"wp-block-heading has-text-color has-link-color wp-elements-f6e440d8ecef8a2c7cd31f6b34531d0d\" style=\"color:#417078;font-size:35px\"><strong>\u00dcbertritt nach der Grundschule<\/strong><\/h2>\n\n\n\n<p>Detaillierte Hinweise zum \u00dcbertritt auf weiterf\u00fchrende Schulen nach der Grundschule finden Sie auf den Seiten des Staatsministeriums f\u00fcr Unterricht und Kultus:  <\/p>\n\n\n\n<p class=\"has-text-align-center\"><a href=\"https:\/\/www.km.bayern.de\/lernen\/ubertritt-und-bildungswege\/uebertritt\">\u00dcbertritt und Schulartwechsel<\/a><\/p>\n","protected":false},"excerpt":{"rendered":"<p>\u00dcbertritt nach der Grundschule Detaillierte Hinweise zum \u00dcbertritt auf weiterf\u00fchrende Schulen nach der Grundschule finden Sie auf den Seiten des Staatsministeriums f\u00fcr Unterricht und Kultus: \u00dcbertritt und Schulartwechsel<\/p>\n","protected":false},"author":2,"featured_media":0,"parent":0,"menu_order":0,"comment_status":"closed","ping_status":"closed","template":"","meta":{"footnotes":""},"class_list":["post-1283","page","type-page","status-publish","hentry"],"_links":{"self":[{"href":"https:\/\/vskoe.de\/index.php?rest_route=\/wp\/v2\/pages\/1283","targetHints":{"allow":["GET"]}}],"collection":[{"href":"https:\/\/vskoe.de\/index.php?rest_route=\/wp\/v2\/pages"}],"about":[{"href":"https:\/\/vskoe.de\/index.php?rest_route=\/wp\/v2\/types\/page"}],"author":[{"embeddable":true,"href":"https:\/\/vskoe.de\/index.php?rest_route=\/wp\/v2\/users\/2"}],"replies":[{"embeddable":true,"href":"https:\/\/vskoe.de\/index.php?rest_route=%2Fwp%2Fv2%2Fcomments&post=1283"}],"version-history":[{"count":2,"href":"https:\/\/vskoe.de\/index.php?rest_route=\/wp\/v2\/pages\/1283\/revisions"}],"predecessor-version":[{"id":1288,"href":"https:\/\/vskoe.de\/index.php?rest_route=\/wp\/v2\/pages\/1283\/revisions\/1288"}],"wp:attachment":[{"href":"https:\/\/vskoe.de\/index.php?rest_route=%2Fwp%2Fv2%2Fmedia&parent=1283"}],"curies":[{"name":"wp","href":"https:\/\/api.w.org\/{rel}","templated":true}]}}