{"id":1278,"date":"2026-04-28T15:46:26","date_gmt":"2026-04-28T13:46:26","guid":{"rendered":"https:\/\/vskoe.de\/?page_id=1278"},"modified":"2026-04-28T15:57:00","modified_gmt":"2026-04-28T13:57:00","slug":"m-zug","status":"publish","type":"page","link":"https:\/\/vskoe.de\/?page_id=1278","title":{"rendered":"M-Zug"},"content":{"rendered":"\n<h1 class=\"wp-block-heading has-text-color has-link-color wp-elements-5465032e65683ce3f7aab6cfdfcaddf5\" style=\"color:#fbc438;font-size:35px\"><strong>Der M-Zug: Weg zum Mittleren Schulabschluss<\/strong><\/h1>\n\n\n\n<p>Der M-Zug (Mittlere-Reife-Zug) bietet Sch\u00fclerinnen und Sch\u00fclern der Mittelschule die M\u00f6glichkeit, den Mittleren Schulabschluss (MSA) innerhalb des Mittelschulverbundes zu erwerben. Dieser Abschluss ist einem Realschulabschluss gleichwertig.<\/p>\n\n\n\n<div style=\"height:40px\" aria-hidden=\"true\" class=\"wp-block-spacer\"><\/div>\n\n\n\n<h3 class=\"wp-block-heading has-text-color has-link-color wp-elements-5e21a4c520b6980e03f3aa17a6e552ae\" style=\"color:#8ebd48;font-size:25px\"><strong>Zugangsvoraussetzungen<\/strong><\/h3>\n\n\n\n<p>Der Einstieg in den M-Zug ist an verschiedenen Punkten der Schullaufbahn m\u00f6glich. Die Qualifikation erfolgt  \u00fcber den Notendurchschnitt im Zwischen- oder Jahreszeugnis (in den F\u00e4chern Deutsch, Mathematik und Englisch).<\/p>\n\n\n\n<figure class=\"wp-block-table\"><table class=\"has-fixed-layout\"><thead><tr><th>Einstieg in<\/th><th>Voraussetzung (Notenschnitt D, M, E)<\/th><\/tr><\/thead><tbody><tr><td><strong>M 7<\/strong><\/td><td>Mindestens 2,66<\/td><\/tr><tr><td><strong>M 8 \/ M 9<\/strong><\/td><td>Mindestens 2,33<\/td><\/tr><tr><td><strong>V 1 (Vorbereitungsklasse<\/strong>)<\/td><td>Mindestens 2,5 (Quali-Schnitt)<\/td><\/tr><tr><td><strong>M 10<\/strong><\/td><td>Mindestens 2,33 (Quali-Schnitt)<\/td><\/tr><\/tbody><\/table><\/figure>\n\n\n\n<p>Im Landkreis Bad T\u00f6lz-Wolfratshausen gibt es in den Jahrgangsstufen 7 und 8 keine M-Klassen. Hier werden die Sch\u00fclerinnen und Sch\u00fcler an ihrer Mittelschule in den F\u00e4chern Deutsch, Mathematik und Englisch in M-Kursen unterrichtet. <\/p>\n\n\n\n<div style=\"height:40px\" aria-hidden=\"true\" class=\"wp-block-spacer\"><\/div>\n\n\n\n<h3 class=\"wp-block-heading has-text-color has-link-color wp-elements-8caf564ff9f54d7633c2457d003c69ff\" style=\"color:#8ebd48;font-size:25px\"><strong>Erwartungen im M-Zug<\/strong><\/h3>\n\n\n\n<p>Der Unterricht in M-Klassen stellt erh\u00f6hte Anforderungen an die Lernenden, da das Ziel der Mittlere Schulabschluss ist. Von den Sch\u00fclerinnen und Sch\u00fclern werden folgende Kompetenzen erwartet:<\/p>\n\n\n\n<ul class=\"wp-block-list\">\n<li>H\u00f6heres Arbeitstempo und eine zielgerichtete Arbeitshaltung.<\/li>\n\n\n\n<li>Methodenvielfalt zur schnelleren Beherrschung komplexer Lerninhalte.<\/li>\n\n\n\n<li>Ein h\u00f6herer Grad an Selbstst\u00e4ndigkeit sowie Eigeninitiative.<\/li>\n\n\n\n<li>Gr\u00f6\u00dfere Sorgfalt bei der h\u00e4uslichen Vor- und Nachbereitung des Unterrichts sowie eine geringere Fehlerh\u00e4ufigkeit.<\/li>\n<\/ul>\n\n\n\n<div style=\"height:40px\" aria-hidden=\"true\" class=\"wp-block-spacer\"><\/div>\n\n\n\n<h1 class=\"wp-block-heading has-text-color has-link-color wp-elements-0ccf9ea1d051cae3d681b1c87d013bf2\" style=\"color:#559a9d;font-size:25px\"><strong>Die Vorbereitungsklasse (V-Klasse)<\/strong><\/h1>\n\n\n\n<p>Die Vorbereitungsklasse, unterteilt in die Jahrgangsstufen V1 und V2, dient als strategischer Bildungsweg f\u00fcr Sch\u00fclerinnen und Sch\u00fcler, die das Ziel des Mittleren Schulabschlusses verfolgen, jedoch vor dem direkten Eintritt in den M-Zug eine fundierte, zeitlich etwas gestreckte Vorbereitung ben\u00f6tigen.<\/p>\n\n\n\n<div style=\"height:40px\" aria-hidden=\"true\" class=\"wp-block-spacer\"><\/div>\n\n\n\n<h3 class=\"wp-block-heading has-text-color has-link-color wp-elements-526161d770e3239d7bb8e23f4473cb7a\" style=\"color:#559a9d;font-size:25px\"><strong>Warum der zweij\u00e4hrige Bildungsgang (V1 &amp; V2)?<\/strong><\/h3>\n\n\n\n<p>Die Struktur \u00fcber zwei Schuljahre bietet entscheidende p\u00e4dagogische Vorteile f\u00fcr die langfristige schulische Entwicklung:<\/p>\n\n\n\n<ul class=\"wp-block-list\">\n<li><strong>Nachhaltige Wissenskonsolidierung:<\/strong> In der V-Klasse steht die Wiederholung und Festigung der Grundlagen in den Kernf\u00e4chern Deutsch, Mathematik und Englisch im Mittelpunkt. Dies schafft das notwendige Fundament, um den Anforderungen des M-Zuges (M10) erfolgreich zu begegnen.<\/li>\n\n\n\n<li><strong>Entwicklung der Arbeitshaltung:<\/strong> Der zweij\u00e4hrige Aufbau erm\u00f6glicht eine schrittweise Heranf\u00fchrung an das Arbeitstempo und die methodischen Anforderungen des Mittleren Schulabschlusses. Selbstorganisation, Sorgfalt und eine zielgerichtete Arbeitsweise k\u00f6nnen in dieser Zeit intensiv trainiert werden.<\/li>\n\n\n\n<li><strong>L\u00fccken schlie\u00dfen statt \u00fcberfordern:<\/strong> Durch den gestreckten Zeitrahmen besteht die M\u00f6glichkeit, individuelle Lernr\u00fcckst\u00e4nde aufzuarbeiten, ohne den hohen Leistungsdruck des direkten M-Zuges. Dies f\u00fchrt zu einer h\u00f6heren Sicherheit bei der Bew\u00e4ltigung komplexer Lerninhalte.<\/li>\n\n\n\n<li><strong>Reifungsprozess:<\/strong> Die zus\u00e4tzliche Zeit unterst\u00fctzt die pers\u00f6nliche Entwicklung und die Entscheidungsfindung hinsichtlich der weiteren beruflichen oder schulischen Laufbahn.<\/li>\n<\/ul>\n","protected":false},"excerpt":{"rendered":"<p>Der M-Zug: Weg zum Mittleren Schulabschluss Der M-Zug (Mittlere-Reife-Zug) bietet Sch\u00fclerinnen und Sch\u00fclern der Mittelschule die M\u00f6glichkeit, den Mittleren Schulabschluss (MSA) innerhalb des Mittelschulverbundes zu erwerben. Dieser Abschluss ist einem Realschulabschluss gleichwertig. Zugangsvoraussetzungen Der Einstieg in den M-Zug ist an verschiedenen Punkten der Schullaufbahn m\u00f6glich. Die Qualifikation erfolgt \u00fcber den Notendurchschnitt im Zwischen- oder Jahreszeugnis (in den F\u00e4chern Deutsch, Mathematik und Englisch). Einstieg in Voraussetzung (Notenschnitt D, M, E) M 7 Mindestens 2,66 M 8 \/ M 9 Mindestens 2,33 V 1 (Vorbereitungsklasse) Mindestens 2,5 (Quali-Schnitt) M 10 Mindestens 2,33 (Quali-Schnitt) Im Landkreis Bad T\u00f6lz-Wolfratshausen gibt es in den Jahrgangsstufen 7 und 8 keine M-Klassen. Hier werden die Sch\u00fclerinnen und Sch\u00fcler an ihrer Mittelschule in den F\u00e4chern Deutsch, Mathematik und Englisch in M-Kursen unterrichtet. Erwartungen im M-Zug Der Unterricht in M-Klassen stellt erh\u00f6hte Anforderungen an die Lernenden, da das Ziel der Mittlere Schulabschluss ist. Von den Sch\u00fclerinnen und Sch\u00fclern werden folgende Kompetenzen erwartet: Die Vorbereitungsklasse (V-Klasse) Die Vorbereitungsklasse, unterteilt in die Jahrgangsstufen V1 und V2, dient als strategischer Bildungsweg f\u00fcr Sch\u00fclerinnen und Sch\u00fcler, die das Ziel des Mittleren Schulabschlusses verfolgen, jedoch vor dem direkten Eintritt in den M-Zug eine fundierte, zeitlich etwas gestreckte Vorbereitung ben\u00f6tigen. Warum der zweij\u00e4hrige Bildungsgang (V1 &amp; V2)? Die Struktur \u00fcber zwei Schuljahre bietet entscheidende p\u00e4dagogische Vorteile f\u00fcr die langfristige schulische Entwicklung:<\/p>\n","protected":false},"author":2,"featured_media":0,"parent":0,"menu_order":0,"comment_status":"closed","ping_status":"closed","template":"","meta":{"footnotes":""},"class_list":["post-1278","page","type-page","status-publish","hentry"],"_links":{"self":[{"href":"https:\/\/vskoe.de\/index.php?rest_route=\/wp\/v2\/pages\/1278","targetHints":{"allow":["GET"]}}],"collection":[{"href":"https:\/\/vskoe.de\/index.php?rest_route=\/wp\/v2\/pages"}],"about":[{"href":"https:\/\/vskoe.de\/index.php?rest_route=\/wp\/v2\/types\/page"}],"author":[{"embeddable":true,"href":"https:\/\/vskoe.de\/index.php?rest_route=\/wp\/v2\/users\/2"}],"replies":[{"embeddable":true,"href":"https:\/\/vskoe.de\/index.php?rest_route=%2Fwp%2Fv2%2Fcomments&post=1278"}],"version-history":[{"count":2,"href":"https:\/\/vskoe.de\/index.php?rest_route=\/wp\/v2\/pages\/1278\/revisions"}],"predecessor-version":[{"id":1282,"href":"https:\/\/vskoe.de\/index.php?rest_route=\/wp\/v2\/pages\/1278\/revisions\/1282"}],"wp:attachment":[{"href":"https:\/\/vskoe.de\/index.php?rest_route=%2Fwp%2Fv2%2Fmedia&parent=1278"}],"curies":[{"name":"wp","href":"https:\/\/api.w.org\/{rel}","templated":true}]}}