{"id":1264,"date":"2026-04-28T15:13:36","date_gmt":"2026-04-28T13:13:36","guid":{"rendered":"https:\/\/vskoe.de\/?page_id=1264"},"modified":"2026-04-28T15:17:49","modified_gmt":"2026-04-28T13:17:49","slug":"qa","status":"publish","type":"page","link":"https:\/\/vskoe.de\/?page_id=1264","title":{"rendered":"Qualifizierender Abschluss der Mittelschule"},"content":{"rendered":"\n<h2 class=\"wp-block-heading has-text-color has-link-color wp-elements-bfd21176d056b97ac88679ff547924c9\" style=\"color:#8ebd48;font-size:35px\"><strong>Qualifizierender Abschluss der Mittelschule<\/strong><\/h2>\n\n\n\n<p>Der qualifizierende Abschluss der Mittelschule ist eine besondere Leistungsfeststellung, der sich Sch\u00fclerinnen und Sch\u00fcler in Jahrgangsstufe 9 zus\u00e4tzlich unterziehen k\u00f6nnen. Dabei m\u00fcssen sie am Ende der neunten Klasse in bestimmten F\u00e4chern eine besondere Pr\u00fcfung (schriftlich, praktisch, m\u00fcndlich) ablegen. Wer bei der Gesamtbewertung mindestens die Note 3,0 erreicht, erh\u00e4lt das Zeugnis \u00fcber den qualifizierenden Abschluss der Mittelschule. Die Teilnahme ist freiwillig.<\/p>\n\n\n\n<div style=\"height:40px\" aria-hidden=\"true\" class=\"wp-block-spacer\"><\/div>\n\n\n\n<h2 class=\"wp-block-heading has-text-color has-link-color wp-elements-ebb90c0a8baa09fad6de3f33e2fc0bab\" style=\"color:#559a9d;font-size:25px\"><strong>Pr\u00fcfungsf\u00e4cher<\/strong><\/h2>\n\n\n\n<ul class=\"wp-block-list\">\n<li>die F\u00e4cher Deutsch bzw. ggf. Deutsch als Zweitsprache, Mathematik,<\/li>\n\n\n\n<li>eines der F\u00e4cher Englisch, Natur und Technik, Geschichte\/Politik\/Geographie oder ggf. Muttersprache und<\/li>\n\n\n\n<li>eines der F\u00e4cher Religionslehre, Ethik, Sport, Musik, Kunst und Informatik.<\/li>\n<\/ul>\n\n\n\n<p>In den F\u00e4chern Deutsch, Deutsch als Zweitsprache, Mathematik, Englisch sowie Muttersprache wird die Pr\u00fcfung zentral vom Kultusministerium gestellt.<\/p>\n\n\n\n<p>Die Pr\u00fcfung im Fach Englisch kann f\u00fcr Sch\u00fclerinnen und Sch\u00fcler der Mittelschule mit nichtdeutscher Muttersprache durch eine Pr\u00fcfung in der Muttersprache ersetzt werden, sofern geeignete Pr\u00fcferinnen und Pr\u00fcfer zur Verf\u00fcgung stehen. An die Stelle der Deutschpr\u00fcfung kann bei Vorliegen der entsprechenden Voraussetzungen nach \u00a7 23 Abs. 2 Mittelschulordnung (MSO) eine Pr\u00fcfung im Fach Deutsch als Zweitsprache treten.<\/p>\n\n\n\n<p>Die Projektpr\u00fcfung wird an bayerischen Mittelschulen in Jahrgangsstufe 9 verbindlich durchgef\u00fchrt und findet Eingang in den qualifizierenden Abschluss der Mittelschule. Sie umfasst Lerninhalte des Fachs Wirtschaft und Beruf sowie des jeweiligen in der Jahrgangsstufe 9 besuchten berufsorientierenden Wahlpflichtfaches (Technik, Wirtschaft und Kommunikation oder Ern\u00e4hrung und Soziales).<\/p>\n\n\n\n<div style=\"height:40px\" aria-hidden=\"true\" class=\"wp-block-spacer\"><\/div>\n\n\n\n<h3 class=\"wp-block-heading has-text-color has-link-color wp-elements-1e08719600ccd7773f783e800a4d69bb\" style=\"color:#559a9d;font-size:25px\"><strong>Bedeutung des Abschlusses<\/strong><\/h3>\n\n\n\n<p>Der Qualifizierende Abschluss genie\u00dft bei vielen Ausbildungsbetrieben ein hohes Ansehen. Er gilt als Nachweis daf\u00fcr, dass die Absolventinnen und Absolventen bereit sind, \u00fcber das geforderte Ma\u00df hinaus Verantwortung f\u00fcr ihre schulische und berufliche Entwicklung zu \u00fcbernehmen.<\/p>\n\n\n\n<div style=\"height:40px\" aria-hidden=\"true\" class=\"wp-block-spacer\"><\/div>\n\n\n\n<h3 class=\"wp-block-heading has-text-color has-link-color wp-elements-9c64194a70c2e8db297964a4667df52b\" style=\"color:#559a9d;font-size:25px\"><strong>Perspektiven nach dem Quali<\/strong><\/h3>\n\n\n\n<p>Der erfolgreiche Abschluss bietet vielf\u00e4ltige Anschlussm\u00f6glichkeiten:<\/p>\n\n\n\n<ul class=\"wp-block-list\">\n<li><strong>Berufliche Ausbildung:<\/strong> Aufgrund der nachgewiesenen Leistungsbereitschaft bestehen bei Bewerbungen um Ausbildungspl\u00e4tze oft bessere Chancen gegen\u00fcber Mitbewerberinnen und Mitbewerbern ohne diesen Abschluss.<\/li>\n\n\n\n<li><strong>Weiterf\u00fchrende Schulen:<\/strong> Bei entsprechenden Noten er\u00f6ffnen sich Wege in h\u00f6here Bildungsg\u00e4nge, wie beispielsweise der Einstieg in den M-Zug, um den Mittleren Schulabschluss zu erreichen, oder der Wechsel an bestimmte berufliche Fachschulen.<\/li>\n\n\n\n<li><strong>Pers\u00f6nliche Qualifikation:<\/strong> Die Vorbereitung und Durchf\u00fchrung der zus\u00e4tzlichen Pr\u00fcfungen f\u00f6rdern die Selbstorganisation und st\u00e4rken das Selbstvertrauen f\u00fcr zuk\u00fcnftige berufliche Herausforderungen.<\/li>\n<\/ul>\n\n\n\n<p>Die Teilnahme am Quali ist eine bewusste Entscheidung f\u00fcr die eigene Bildungsbiografie. Eine individuelle Beratung durch die Klassenlehrkr\u00e4fte unterst\u00fctzt dabei, die eigenen St\u00e4rken realistisch einzusch\u00e4tzen und die Erfolgsaussichten f\u00fcr diese zus\u00e4tzliche Pr\u00fcfung zu pr\u00fcfen.<\/p>\n","protected":false},"excerpt":{"rendered":"<p>Qualifizierender Abschluss der Mittelschule Der qualifizierende Abschluss der Mittelschule ist eine besondere Leistungsfeststellung, der sich Sch\u00fclerinnen und Sch\u00fcler in Jahrgangsstufe 9 zus\u00e4tzlich unterziehen k\u00f6nnen. Dabei m\u00fcssen sie am Ende der neunten Klasse in bestimmten F\u00e4chern eine besondere Pr\u00fcfung (schriftlich, praktisch, m\u00fcndlich) ablegen. Wer bei der Gesamtbewertung mindestens die Note 3,0 erreicht, erh\u00e4lt das Zeugnis \u00fcber den qualifizierenden Abschluss der Mittelschule. Die Teilnahme ist freiwillig. Pr\u00fcfungsf\u00e4cher In den F\u00e4chern Deutsch, Deutsch als Zweitsprache, Mathematik, Englisch sowie Muttersprache wird die Pr\u00fcfung zentral vom Kultusministerium gestellt. Die Pr\u00fcfung im Fach Englisch kann f\u00fcr Sch\u00fclerinnen und Sch\u00fcler der Mittelschule mit nichtdeutscher Muttersprache durch eine Pr\u00fcfung in der Muttersprache ersetzt werden, sofern geeignete Pr\u00fcferinnen und Pr\u00fcfer zur Verf\u00fcgung stehen. An die Stelle der Deutschpr\u00fcfung kann bei Vorliegen der entsprechenden Voraussetzungen nach \u00a7 23 Abs. 2 Mittelschulordnung (MSO) eine Pr\u00fcfung im Fach Deutsch als Zweitsprache treten. Die Projektpr\u00fcfung wird an bayerischen Mittelschulen in Jahrgangsstufe 9 verbindlich durchgef\u00fchrt und findet Eingang in den qualifizierenden Abschluss der Mittelschule. Sie umfasst Lerninhalte des Fachs Wirtschaft und Beruf sowie des jeweiligen in der Jahrgangsstufe 9 besuchten berufsorientierenden Wahlpflichtfaches (Technik, Wirtschaft und Kommunikation oder Ern\u00e4hrung und Soziales). Bedeutung des Abschlusses Der Qualifizierende Abschluss genie\u00dft bei vielen Ausbildungsbetrieben ein hohes Ansehen. Er gilt als Nachweis daf\u00fcr, dass die Absolventinnen und Absolventen bereit sind, \u00fcber das geforderte Ma\u00df hinaus Verantwortung f\u00fcr ihre schulische und berufliche Entwicklung zu \u00fcbernehmen. Perspektiven nach dem Quali Der erfolgreiche Abschluss bietet vielf\u00e4ltige Anschlussm\u00f6glichkeiten: Die Teilnahme am Quali ist eine bewusste Entscheidung f\u00fcr die eigene Bildungsbiografie. Eine individuelle Beratung durch die Klassenlehrkr\u00e4fte unterst\u00fctzt dabei, die eigenen St\u00e4rken realistisch einzusch\u00e4tzen und die Erfolgsaussichten f\u00fcr diese zus\u00e4tzliche Pr\u00fcfung zu pr\u00fcfen.<\/p>\n","protected":false},"author":2,"featured_media":0,"parent":0,"menu_order":0,"comment_status":"closed","ping_status":"closed","template":"","meta":{"footnotes":""},"class_list":["post-1264","page","type-page","status-publish","hentry"],"_links":{"self":[{"href":"https:\/\/vskoe.de\/index.php?rest_route=\/wp\/v2\/pages\/1264","targetHints":{"allow":["GET"]}}],"collection":[{"href":"https:\/\/vskoe.de\/index.php?rest_route=\/wp\/v2\/pages"}],"about":[{"href":"https:\/\/vskoe.de\/index.php?rest_route=\/wp\/v2\/types\/page"}],"author":[{"embeddable":true,"href":"https:\/\/vskoe.de\/index.php?rest_route=\/wp\/v2\/users\/2"}],"replies":[{"embeddable":true,"href":"https:\/\/vskoe.de\/index.php?rest_route=%2Fwp%2Fv2%2Fcomments&post=1264"}],"version-history":[{"count":3,"href":"https:\/\/vskoe.de\/index.php?rest_route=\/wp\/v2\/pages\/1264\/revisions"}],"predecessor-version":[{"id":1274,"href":"https:\/\/vskoe.de\/index.php?rest_route=\/wp\/v2\/pages\/1264\/revisions\/1274"}],"wp:attachment":[{"href":"https:\/\/vskoe.de\/index.php?rest_route=%2Fwp%2Fv2%2Fmedia&parent=1264"}],"curies":[{"name":"wp","href":"https:\/\/api.w.org\/{rel}","templated":true}]}}