{"id":1225,"date":"2026-04-28T08:38:09","date_gmt":"2026-04-28T06:38:09","guid":{"rendered":"https:\/\/vskoe.de\/?page_id=1225"},"modified":"2026-04-28T09:33:23","modified_gmt":"2026-04-28T07:33:23","slug":"hilfe-bei-psychischen-erkrankungen","status":"publish","type":"page","link":"https:\/\/vskoe.de\/?page_id=1225","title":{"rendered":"Hilfe bei psychischen Erkrankungen"},"content":{"rendered":"\n<h2 class=\"wp-block-heading has-text-color has-link-color wp-elements-ed060f7064dcedd5a39e9c7b360bb30d\" style=\"color:#417078;font-size:35px\">\u00dcbersicht \u00fcber inner- und au\u00dferschulische Hilfsangebote bei Depression und Angstst\u00f6rungen<\/h2>\n\n\n\n<p>Um bei psychischen Erkrankungen, insbesondere bei Depression und Angstst\u00f6rungen, eine fr\u00fche Diagnose und die entsprechende Therapie zu erm\u00f6glichen, ist es wichtig, Wege zu geeigneten Beratungseinrichtungen aufzuzeigen. Hier finden Sie innerschulische sowie eine Auswahl an au\u00dferschulischen Hilfsangeboten und Einrichtungen.<\/p>\n\n\n\n<h2 class=\"wp-block-heading has-text-color has-link-color wp-elements-f0a4e286df214cf5b7734c0725e22b97\" style=\"color:#559a9d;font-size:25px\">innerschulische Hilfen<\/h2>\n\n\n\n<figure class=\"wp-block-table\"><table class=\"has-fixed-layout\"><tbody><tr><td><strong>Beratungslehrerin\/Beratungslehrer der Schule<\/strong><\/td><td>Sabine Bischoff<br>0151 2023 0825 <em>(Mo. 8:40\u20139:25 Uhr oder AB)<\/em><\/td><\/tr><tr><td><strong>Schulpsychologin der Schule<\/strong><\/td><td>Anne Liebmann<br>08171-3466348 <em>(Mo. 12-12:30 Uhr oder AB<\/em>)<\/td><\/tr><tr><td><strong>Schulberatung am Staatlichen Schulamt Bad T\u00f6lz-Wolfratshausen<\/strong><br><\/td><td>Hanna Basel, BRin<br>Prof.-Max-Lange-Platz 1<br>83646 Bad T\u00f6lz<br>08041\/505-412<\/td><\/tr><tr><td><strong>Staatliche Schulberatung Oberbayern West<\/strong><\/td><td>Infanteriestr. 7<br>80797 M\u00fcnchen<br>Montag-Freitag<br>089 5589924-10 oder 11<br>E-Mail: info@sbwest.de<br><a href=\"https:\/\/www.schulberatung.bayern.de\/staatliche-schulberatungsstellen\/oberbayern-west\/ansprechpersonen\">https:\/\/www.schulberatung.bayern.de\/staatliche-schulberatungsstellen\/oberbayern-west\/ansprechpersonen<\/a><\/td><\/tr><\/tbody><\/table><\/figure>\n\n\n\n<h2 class=\"wp-block-heading has-text-color has-link-color wp-elements-7c48a061d9d7aab21b6880ea44b20f2a\" style=\"color:#fbc438;font-size:25px\">au\u00dferschulische Hilfen<\/h2>\n\n\n\n<div class=\"wp-block-group is-nowrap is-layout-flex wp-container-core-group-is-layout-ad2f72ca wp-block-group-is-layout-flex\">\n<figure class=\"wp-block-table\"><table class=\"has-fixed-layout\"><tbody><tr><td><strong>Kliniken<\/strong><\/td><td><\/td><\/tr><tr><td>Heckscher Klinik Ambulanz Wolfratshausen<br>Obermarkt 18 a (R\u00fcckgeb\u00e4ude)<br>82515 Wolfratshausen<\/td><td>08171 \/ 41810<br><a href=\"https:\/\/kbo-heckscher-klinikum.de\">https:\/\/kbo-heckscher-klinikum.de<\/a><\/td><\/tr><tr><td>Klinik Hochried<br>Hochried 1 &#8211; 12<br>82418 Murnau<\/td><td>08841\/474-0<br><a href=\"http:\/\/www.klinikhochried.de\">www.klinikhochried.de<\/a><\/td><\/tr><tr><td>SPZ Garmisch-Partenkirchen<br>Gehfeldstr. 24<br>82467 Garmisch-Partenkirchen<\/td><td>08821\/701 1450<br>info@spz-gap.de<br><a href=\"http:\/\/www.spz-gap.de\">www.spz-gap.de<\/a><\/td><\/tr><tr><td>Klinik f\u00fcr Kinder- und Jugendpsychiatrie, Psychosomatik und Psychotherapie der Uni M\u00fcnchen<br>Nussbaumstra\u00dfe 5a<br>80336 M\u00fcnchen<br><\/td><td>Tel.: 089 \/ 4400 5931<br><a href=\"http:\/\/www.kjp.med.uni-muenchen.de\">www.kjp.med.uni-muenchen.de<\/a><br><br>In dringenden Notf\u00e4llen telefonisch montags bis freitags von 9.00 bis 12.00 Uhr:<br>Psychiatrische Ambulanz:<br>089\/4400-53307<br>089\/4400-55931<br>Privatambulanz: <br>089\/4400-55545<br>Au\u00dferhalb dieser Zeiten kann in dringenden F\u00e4llen der diensthabende Arzt \u00fcber den Pf\u00f6rtner der Klinik erreicht werden, Tel. 089\/4400-55511 oder<br>-55512<\/td><\/tr><tr><td>kbo-Heckscher-Klinik<br>Deisenhofener Stra\u00dfe 28,<br>81539 M\u00fcnchen<\/td><td>089- 99 99-0<br>E-Mail: info.heck-mdh@kbo.de<br><a href=\"http:\/\/www.kbo-heckscher-klinikum.de\">www.kbo-heckscher-klinikum.de<\/a><\/td><\/tr><tr><td>Kinderzentrum M\u00fcnchen<br>Heiglhofstra\u00dfe 63<br>81377 M\u00fcnchen<\/td><td>089 \/ 71009-0<br><a href=\"http:\/\/www.kinderzentrum-muenchen.de\">www.kinderzentrum-muenchen.de<\/a><\/td><\/tr><tr><td>Psychotherapeutische Angst- und Trauma-Ambulanz der LMU M\u00fcnchen<br>Leopoldstr. 13<br>80802 M\u00fcnchen<\/td><td>089\/2180-72565<br>089\/2180-72578<br>(Terminvereinbarung)<br>KiJu-Hochschulambulanz@psy.lmu.de<\/td><\/tr><\/tbody><\/table><\/figure>\n<\/div>\n\n\n\n<figure class=\"wp-block-table\"><table class=\"has-fixed-layout\"><tbody><tr><td><strong>Erziehungsberatungsstellen <\/strong><\/td><td><\/td><\/tr><tr><td>Erziehungs- Jugend- und Familienberatung<br>Bad T\u00f6lz<br>Klosterweg 2<br>83646 Bad T\u00f6lz<\/td><td>08041\/79316-130<br>eb.toelz@caritasmuenchen.de<\/td><\/tr><tr><td>Erziehungs- Jugend- und Familienberatung<br>Wolfratshausen<br>Bahnhofstra\u00dfe 2<br>82515 Wolfratshausen<\/td><td>08171\/347460<br>eb.toelz@caritasmuenchen.de<\/td><\/tr><tr><td>Erziehungs- Jugend- und Familienberatung<br>Geretsried<br>Graslitzerstr.13<br>82538 Geretsried<\/td><td>08171-9830-40<br>eb-toelz@caritasmuenchen.de<\/td><\/tr><tr><td>Erziehungs- Jugend- und Familienberatung<br>Geretsried<br>Steiner Ring 159<br>82538 Geretsried<\/td><td>08171 31777<br>eb-toelz@caritasmuenchen.de<\/td><\/tr><\/tbody><\/table><\/figure>\n\n\n\n<figure class=\"wp-block-table\"><table class=\"has-fixed-layout\"><tbody><tr><td><strong>Amt f\u00fcr Jugend und Familie<\/strong><\/td><td><\/td><\/tr><tr><td>Zentrale: Amt f\u00fcr Jugend und Familie<br>Prof.-Max.-Lange Platz 1<br>83646 Bad T\u00f6lz<\/td><td>08041\/ 505-459 oder 460<\/td><\/tr><\/tbody><\/table><\/figure>\n\n\n\n<figure class=\"wp-block-table\"><table class=\"has-fixed-layout\"><tbody><tr><td><strong>au\u00dferschulische Ansprechpartner in Akutf\u00e4llen<\/strong><\/td><td><\/td><\/tr><tr><td>Online Beratungsangebot f\u00fcr Jugendliche der Bundeskonferenz f\u00fcr Erziehungsberatung<\/td><td><a href=\"https:\/\/www.bke-beratung.de\/elternberatung\">https:\/\/www.bke-beratung.de\/elternberatung<\/a><\/td><\/tr><tr><td>Telefonseelsorge (kostenlose, anonyme Beratung rund um die Uhr)<\/td><td>0800-1110111 oder 0800-1110222<br><a href=\"http:\/\/www.telefonseelsorge.de\">www.telefonseelsorge.de<\/a><\/td><\/tr><tr><td>Deutsche Depressionshilfe (kostenlose, anonyme Beratung )<\/td><td>Mi und Fr 08.30 -12.30 Uhr<br>Mo, Di, Do 13 &#8211; 17 Uhr<br>0800-3344533<\/td><\/tr><tr><td>Nummer gegen Kummer (f\u00fcr Kinder und Jugendliche)<\/td><td>Montag \u2013 Samstag: 14 bis 20Uhr<br>Kinder- und Jugendtelefon: 116 111<br><a href=\"https:\/\/www.nummergegenkummer.de\/kinder-und-jugendtelefon.html\">https:\/\/www.nummergegenkummer.de\/kinder-und-jugendtelefon.html<\/a><\/td><\/tr><tr><td>Nummer gegen Kummer (f\u00fcr Eltern, Gro\u00dferltern und andere Erziehende)<\/td><td>0800 1110550<br>Montag \u2013 Freitag: 9 \u2013 11Uhr<br>Dienstag und Donnerstag:17-19Uhr<br><a href=\"https:\/\/www.nummergegenkummer.de\/elterntelefon.html\">https:\/\/www.nummergegenkummer.de\/elterntelefon.html<\/a><\/td><\/tr><tr><td>Muslimisches Seelsorge Telefon<\/td><td>030 443509821<br><a href=\"http:\/\/mutes.de\">http:\/\/mutes.de<\/a><\/td><\/tr><tr><td>\u00c4rztlicher Bereitschaftsdienst der Krankenkassen<\/td><td>116117<br><a href=\"https:\/\/www.116117.de\/de\/index.php\">https:\/\/www.116117.de\/de\/index.php<\/a><\/td><\/tr><tr><td>Infotelefon Depression der Stiftung Deutsche Depressionshilfe<\/td><td>0800 &#8211; 33 44 533<br><a href=\"https:\/\/www.deutsche-depressionshilfe.de\/depression-infos-und-hilfe\/wo-finde-ich-hilfe\/info-telefon\">https:\/\/www.deutsche-depressionshilfe.de\/depression-infos-und-hilfe\/wo-finde-ich-hilfe\/info-telefon<\/a><\/td><\/tr><tr><td>FIDEO &#8211; fighting depression online<\/td><td><a href=\"https:\/\/www.deutsche-depressionshilfe.de\/start\">https:\/\/www.deutsche-depressionshilfe.de\/start<\/a><\/td><\/tr><\/tbody><\/table><\/figure>\n","protected":false},"excerpt":{"rendered":"<p>\u00dcbersicht \u00fcber inner- und au\u00dferschulische Hilfsangebote bei Depression und Angstst\u00f6rungen Um bei psychischen Erkrankungen, insbesondere bei Depression und Angstst\u00f6rungen, eine fr\u00fche Diagnose und die entsprechende Therapie zu erm\u00f6glichen, ist es wichtig, Wege zu geeigneten Beratungseinrichtungen aufzuzeigen. Hier finden Sie innerschulische sowie eine Auswahl an au\u00dferschulischen Hilfsangeboten und Einrichtungen. innerschulische Hilfen Beratungslehrerin\/Beratungslehrer der Schule Sabine Bischoff0151 2023 0825 (Mo. 8:40\u20139:25 Uhr oder AB) Schulpsychologin der Schule Anne Liebmann08171-3466348 (Mo. 12-12:30 Uhr oder AB) Schulberatung am Staatlichen Schulamt Bad T\u00f6lz-Wolfratshausen Hanna Basel, BRinProf.-Max-Lange-Platz 183646 Bad T\u00f6lz08041\/505-412 Staatliche Schulberatung Oberbayern West Infanteriestr. 780797 M\u00fcnchenMontag-Freitag089 5589924-10 oder 11E-Mail: info@sbwest.dehttps:\/\/www.schulberatung.bayern.de\/staatliche-schulberatungsstellen\/oberbayern-west\/ansprechpersonen au\u00dferschulische Hilfen Kliniken Heckscher Klinik Ambulanz WolfratshausenObermarkt 18 a (R\u00fcckgeb\u00e4ude)82515 Wolfratshausen 08171 \/ 41810https:\/\/kbo-heckscher-klinikum.de Klinik HochriedHochried 1 &#8211; 1282418 Murnau 08841\/474-0www.klinikhochried.de SPZ Garmisch-PartenkirchenGehfeldstr. 2482467 Garmisch-Partenkirchen 08821\/701 1450info@spz-gap.dewww.spz-gap.de Klinik f\u00fcr Kinder- und Jugendpsychiatrie, Psychosomatik und Psychotherapie der Uni M\u00fcnchenNussbaumstra\u00dfe 5a80336 M\u00fcnchen Tel.: 089 \/ 4400 5931www.kjp.med.uni-muenchen.de In dringenden Notf\u00e4llen telefonisch montags bis freitags von 9.00 bis 12.00 Uhr:Psychiatrische Ambulanz:089\/4400-53307089\/4400-55931Privatambulanz: 089\/4400-55545Au\u00dferhalb dieser Zeiten kann in dringenden F\u00e4llen der diensthabende Arzt \u00fcber den Pf\u00f6rtner der Klinik erreicht werden, Tel. 089\/4400-55511 oder-55512 kbo-Heckscher-KlinikDeisenhofener Stra\u00dfe 28,81539 M\u00fcnchen 089- 99 99-0E-Mail: info.heck-mdh@kbo.dewww.kbo-heckscher-klinikum.de Kinderzentrum M\u00fcnchenHeiglhofstra\u00dfe 6381377 M\u00fcnchen 089 \/ 71009-0www.kinderzentrum-muenchen.de Psychotherapeutische Angst- und Trauma-Ambulanz der LMU M\u00fcnchenLeopoldstr. 1380802 M\u00fcnchen 089\/2180-72565089\/2180-72578(Terminvereinbarung)KiJu-Hochschulambulanz@psy.lmu.de Erziehungsberatungsstellen Erziehungs- Jugend- und FamilienberatungBad T\u00f6lzKlosterweg 283646 Bad T\u00f6lz 08041\/79316-130eb.toelz@caritasmuenchen.de Erziehungs- Jugend- und FamilienberatungWolfratshausenBahnhofstra\u00dfe 282515 Wolfratshausen 08171\/347460eb.toelz@caritasmuenchen.de Erziehungs- Jugend- und FamilienberatungGeretsriedGraslitzerstr.1382538 Geretsried 08171-9830-40eb-toelz@caritasmuenchen.de Erziehungs- Jugend- und FamilienberatungGeretsriedSteiner Ring 15982538 Geretsried 08171 31777eb-toelz@caritasmuenchen.de Amt f\u00fcr Jugend und Familie Zentrale: Amt f\u00fcr Jugend und FamilieProf.-Max.-Lange Platz 183646 Bad T\u00f6lz 08041\/ 505-459 oder 460 au\u00dferschulische Ansprechpartner in Akutf\u00e4llen Online Beratungsangebot f\u00fcr Jugendliche der Bundeskonferenz f\u00fcr Erziehungsberatung https:\/\/www.bke-beratung.de\/elternberatung Telefonseelsorge (kostenlose, anonyme Beratung rund um die Uhr) 0800-1110111 oder 0800-1110222www.telefonseelsorge.de Deutsche Depressionshilfe (kostenlose, anonyme Beratung ) Mi und Fr 08.30 -12.30 UhrMo, Di, Do 13 &#8211; 17 Uhr0800-3344533 Nummer gegen Kummer (f\u00fcr Kinder und Jugendliche) Montag \u2013 Samstag: 14 bis 20UhrKinder- und Jugendtelefon: 116 111https:\/\/www.nummergegenkummer.de\/kinder-und-jugendtelefon.html Nummer gegen Kummer (f\u00fcr Eltern, Gro\u00dferltern und andere Erziehende) 0800 1110550Montag \u2013 Freitag: 9 \u2013 11UhrDienstag und Donnerstag:17-19Uhrhttps:\/\/www.nummergegenkummer.de\/elterntelefon.html Muslimisches Seelsorge Telefon 030 443509821http:\/\/mutes.de \u00c4rztlicher Bereitschaftsdienst der Krankenkassen 116117https:\/\/www.116117.de\/de\/index.php Infotelefon Depression der Stiftung Deutsche Depressionshilfe 0800 &#8211; 33 44 533https:\/\/www.deutsche-depressionshilfe.de\/depression-infos-und-hilfe\/wo-finde-ich-hilfe\/info-telefon FIDEO &#8211; fighting depression online https:\/\/www.deutsche-depressionshilfe.de\/start<\/p>\n","protected":false},"author":2,"featured_media":0,"parent":0,"menu_order":0,"comment_status":"closed","ping_status":"closed","template":"","meta":{"footnotes":""},"class_list":["post-1225","page","type-page","status-publish","hentry"],"_links":{"self":[{"href":"https:\/\/vskoe.de\/index.php?rest_route=\/wp\/v2\/pages\/1225","targetHints":{"allow":["GET"]}}],"collection":[{"href":"https:\/\/vskoe.de\/index.php?rest_route=\/wp\/v2\/pages"}],"about":[{"href":"https:\/\/vskoe.de\/index.php?rest_route=\/wp\/v2\/types\/page"}],"author":[{"embeddable":true,"href":"https:\/\/vskoe.de\/index.php?rest_route=\/wp\/v2\/users\/2"}],"replies":[{"embeddable":true,"href":"https:\/\/vskoe.de\/index.php?rest_route=%2Fwp%2Fv2%2Fcomments&post=1225"}],"version-history":[{"count":2,"href":"https:\/\/vskoe.de\/index.php?rest_route=\/wp\/v2\/pages\/1225\/revisions"}],"predecessor-version":[{"id":1229,"href":"https:\/\/vskoe.de\/index.php?rest_route=\/wp\/v2\/pages\/1225\/revisions\/1229"}],"wp:attachment":[{"href":"https:\/\/vskoe.de\/index.php?rest_route=%2Fwp%2Fv2%2Fmedia&parent=1225"}],"curies":[{"name":"wp","href":"https:\/\/api.w.org\/{rel}","templated":true}]}}