{"id":1140,"date":"2026-04-27T13:53:48","date_gmt":"2026-04-27T11:53:48","guid":{"rendered":"https:\/\/vskoe.de\/?page_id=1140"},"modified":"2026-04-27T16:47:16","modified_gmt":"2026-04-27T14:47:16","slug":"elternbeirat","status":"publish","type":"page","link":"https:\/\/vskoe.de\/?page_id=1140","title":{"rendered":"Elternbeirat"},"content":{"rendered":"\n<figure class=\"wp-block-image size-large\"><img loading=\"lazy\" decoding=\"async\" width=\"1024\" height=\"720\" src=\"https:\/\/vskoe.de\/wp-content\/uploads\/2025\/10\/grafik-2-1024x720.png\" alt=\"\" class=\"wp-image-766\" srcset=\"https:\/\/vskoe.de\/wp-content\/uploads\/2025\/10\/grafik-2-1024x720.png 1024w, https:\/\/vskoe.de\/wp-content\/uploads\/2025\/10\/grafik-2-300x211.png 300w, https:\/\/vskoe.de\/wp-content\/uploads\/2025\/10\/grafik-2-768x540.png 768w, https:\/\/vskoe.de\/wp-content\/uploads\/2025\/10\/grafik-2.png 1126w\" sizes=\"auto, (max-width: 1024px) 100vw, 1024px\" \/><\/figure>\n\n\n\n<div style=\"height:38px\" aria-hidden=\"true\" class=\"wp-block-spacer\"><\/div>\n\n\n\n<p>Der Elternbeirat gestaltet durch seine Arbeit in hohem Ma\u00dfe das schulische Leben mit. Seine Mitglieder werden aus allen interessierten Eltern der Grund- und Mittelschule f\u00fcr zwei Jahre gew\u00e4hlt.<br>Die Aufgaben bestehen einerseits darin, das Vertrauensverh\u00e4ltnis zwischen den Eltern und den Lehrkr\u00e4ften zu vertiefen und andererseits darin, das Interesse der Eltern f\u00fcr die Bildung und Erziehung der Sch\u00fcler zu wahren. Dar\u00fcber hinaus ist der Elternbeirat Ansprechpartner f\u00fcr Lob, Kritik, Sorgen und Anregung aller Beteiligten. Seine Arbeit ist  unentbehrlicher Bestandteil des Schullebens.<\/p>\n\n\n\n<p>Bei Fragen an den Elternbeirat wenden Sie sich bitte per Mail an: <\/p>\n\n\n\n<p>elternbeirat[at]vskoe.de<\/p>\n\n\n\n<h2 class=\"wp-block-heading has-text-align-center has-text-color has-link-color wp-elements-fe951a858090029aabfd2a1b9f0424c4\" style=\"color:#559a9d;font-size:24px\">Mitglieder des Elternbeirats<\/h2>\n\n\n\n<figure class=\"wp-block-table is-style-stripes\"><table><thead><tr><th>Name<\/th><th>Funktion<\/th><th class=\"has-text-align-center\" data-align=\"center\">Schulart<\/th><\/tr><\/thead><tbody><tr><td>Bauer, Agathe<\/td><td><\/td><td class=\"has-text-align-center\" data-align=\"center\">MS<\/td><\/tr><tr><td>Beyrlein, Melanie<\/td><td>Kasse<\/td><td class=\"has-text-align-center\" data-align=\"center\">GS<\/td><\/tr><tr><td>Fichtner, Josi<\/td><td><\/td><td class=\"has-text-align-center\" data-align=\"center\">GS<\/td><\/tr><tr><td>Girgenhuber, Marianne<\/td><td><\/td><td class=\"has-text-align-center\" data-align=\"center\">MS<\/td><\/tr><tr><td>Grasberger, Veronika<\/td><td><\/td><td class=\"has-text-align-center\" data-align=\"center\">GS<\/td><\/tr><tr><td>Holzer, Christine<\/td><td>Schriftf\u00fchrung<\/td><td class=\"has-text-align-center\" data-align=\"center\">GS<\/td><\/tr><tr><td>Huber, Maria<\/td><td>2. Vorsitzende Grundschule<\/td><td class=\"has-text-align-center\" data-align=\"center\">GS<\/td><\/tr><tr><td>Jarsch, Veronika<\/td><td>1. Vorsitzende Grundschule<\/td><td class=\"has-text-align-center\" data-align=\"center\">GS<\/td><\/tr><tr><td>Kreitmeir, Anni<\/td><td><\/td><td class=\"has-text-align-center\" data-align=\"center\">MS<\/td><\/tr><tr><td>Mayer, Franziska<\/td><td>1. Vorsitzende Mittelschule<\/td><td class=\"has-text-align-center\" data-align=\"center\">MS<\/td><\/tr><tr><td>Schieder, Stephanie<\/td><td><\/td><td class=\"has-text-align-center\" data-align=\"center\">GS<\/td><\/tr><tr><td>St\u00f6ger, Kathi<\/td><td><\/td><td class=\"has-text-align-center\" data-align=\"center\">MS<\/td><\/tr><tr><td>Urban, Claudia<\/td><td><\/td><td class=\"has-text-align-center\" data-align=\"center\">MS<\/td><\/tr><tr><td>Urban, Katharina<\/td><td><\/td><td class=\"has-text-align-center\" data-align=\"center\">MS<\/td><\/tr><tr><td>Walser Sonja<\/td><td>2. Vorsitzende Mittelschule<\/td><td class=\"has-text-align-center\" data-align=\"center\">MS<\/td><\/tr><\/tbody><\/table><\/figure>\n","protected":false},"excerpt":{"rendered":"<p>Der Elternbeirat gestaltet durch seine Arbeit in hohem Ma\u00dfe das schulische Leben mit. Seine Mitglieder werden aus allen interessierten Eltern der Grund- und Mittelschule f\u00fcr zwei Jahre gew\u00e4hlt.Die Aufgaben bestehen einerseits darin, das Vertrauensverh\u00e4ltnis zwischen den Eltern und den Lehrkr\u00e4ften zu vertiefen und andererseits darin, das Interesse der Eltern f\u00fcr die Bildung und Erziehung der Sch\u00fcler zu wahren. Dar\u00fcber hinaus ist der Elternbeirat Ansprechpartner f\u00fcr Lob, Kritik, Sorgen und Anregung aller Beteiligten. Seine Arbeit ist unentbehrlicher Bestandteil des Schullebens. Bei Fragen an den Elternbeirat wenden Sie sich bitte per Mail an: elternbeirat[at]vskoe.de Mitglieder des Elternbeirats Name Funktion Schulart Bauer, Agathe MS Beyrlein, Melanie Kasse GS Fichtner, Josi GS Girgenhuber, Marianne MS Grasberger, Veronika GS Holzer, Christine Schriftf\u00fchrung GS Huber, Maria 2. Vorsitzende Grundschule GS Jarsch, Veronika 1. Vorsitzende Grundschule GS Kreitmeir, Anni MS Mayer, Franziska 1. Vorsitzende Mittelschule MS Schieder, Stephanie GS St\u00f6ger, Kathi MS Urban, Claudia MS Urban, Katharina MS Walser Sonja 2. Vorsitzende Mittelschule MS<\/p>\n","protected":false},"author":2,"featured_media":0,"parent":0,"menu_order":0,"comment_status":"closed","ping_status":"closed","template":"","meta":{"footnotes":""},"class_list":["post-1140","page","type-page","status-publish","hentry"],"_links":{"self":[{"href":"https:\/\/vskoe.de\/index.php?rest_route=\/wp\/v2\/pages\/1140","targetHints":{"allow":["GET"]}}],"collection":[{"href":"https:\/\/vskoe.de\/index.php?rest_route=\/wp\/v2\/pages"}],"about":[{"href":"https:\/\/vskoe.de\/index.php?rest_route=\/wp\/v2\/types\/page"}],"author":[{"embeddable":true,"href":"https:\/\/vskoe.de\/index.php?rest_route=\/wp\/v2\/users\/2"}],"replies":[{"embeddable":true,"href":"https:\/\/vskoe.de\/index.php?rest_route=%2Fwp%2Fv2%2Fcomments&post=1140"}],"version-history":[{"count":4,"href":"https:\/\/vskoe.de\/index.php?rest_route=\/wp\/v2\/pages\/1140\/revisions"}],"predecessor-version":[{"id":1186,"href":"https:\/\/vskoe.de\/index.php?rest_route=\/wp\/v2\/pages\/1140\/revisions\/1186"}],"wp:attachment":[{"href":"https:\/\/vskoe.de\/index.php?rest_route=%2Fwp%2Fv2%2Fmedia&parent=1140"}],"curies":[{"name":"wp","href":"https:\/\/api.w.org\/{rel}","templated":true}]}}