{"id":1137,"date":"2026-04-27T13:53:24","date_gmt":"2026-04-27T11:53:24","guid":{"rendered":"https:\/\/vskoe.de\/?page_id=1137"},"modified":"2026-04-29T16:37:21","modified_gmt":"2026-04-29T14:37:21","slug":"smv-vertrauenslehrer","status":"publish","type":"page","link":"https:\/\/vskoe.de\/?page_id=1137","title":{"rendered":"SMV \/ Vertrauenslehrer"},"content":{"rendered":"\n<h2 class=\"wp-block-heading has-text-color has-link-color wp-elements-3fc8baf87e7261d1506f32bbce5c80e9\" style=\"color:#fbc438;font-size:35px\"><strong>SMV\/Vertrauenslehrer<\/strong><\/h2>\n\n\n\n<p>1. Sch\u00fclersprecherin: &nbsp;&nbsp;&nbsp;&nbsp;<strong>Shaliyah<\/strong>&nbsp;(Klasse 9)<\/p>\n\n\n\n<p>2. Sch\u00fclersprecherin: &nbsp;&nbsp;&nbsp;&nbsp;<strong>Lena&nbsp;<\/strong>(Klasse 9)<\/p>\n\n\n\n<p>3. Sch\u00fclersprecherin: &nbsp;&nbsp;&nbsp;&nbsp;<strong>Lara<\/strong>&nbsp;(Klasse 8)<\/p>\n\n\n\n<p>Verbindungslehrkraft: Herr T. Lingenberg<\/p>\n\n\n\n<p>Vertrauenslehrkraft: Herr B. Hirschmann<\/p>\n","protected":false},"excerpt":{"rendered":"<p>SMV\/Vertrauenslehrer 1. Sch\u00fclersprecherin: &nbsp;&nbsp;&nbsp;&nbsp;Shaliyah&nbsp;(Klasse 9) 2. Sch\u00fclersprecherin: &nbsp;&nbsp;&nbsp;&nbsp;Lena&nbsp;(Klasse 9) 3. Sch\u00fclersprecherin: &nbsp;&nbsp;&nbsp;&nbsp;Lara&nbsp;(Klasse 8) Verbindungslehrkraft: Herr T. Lingenberg Vertrauenslehrkraft: Herr B. Hirschmann<\/p>\n","protected":false},"author":2,"featured_media":0,"parent":0,"menu_order":0,"comment_status":"closed","ping_status":"closed","template":"","meta":{"footnotes":""},"class_list":["post-1137","page","type-page","status-publish","hentry"],"_links":{"self":[{"href":"https:\/\/vskoe.de\/index.php?rest_route=\/wp\/v2\/pages\/1137","targetHints":{"allow":["GET"]}}],"collection":[{"href":"https:\/\/vskoe.de\/index.php?rest_route=\/wp\/v2\/pages"}],"about":[{"href":"https:\/\/vskoe.de\/index.php?rest_route=\/wp\/v2\/types\/page"}],"author":[{"embeddable":true,"href":"https:\/\/vskoe.de\/index.php?rest_route=\/wp\/v2\/users\/2"}],"replies":[{"embeddable":true,"href":"https:\/\/vskoe.de\/index.php?rest_route=%2Fwp%2Fv2%2Fcomments&post=1137"}],"version-history":[{"count":3,"href":"https:\/\/vskoe.de\/index.php?rest_route=\/wp\/v2\/pages\/1137\/revisions"}],"predecessor-version":[{"id":1295,"href":"https:\/\/vskoe.de\/index.php?rest_route=\/wp\/v2\/pages\/1137\/revisions\/1295"}],"wp:attachment":[{"href":"https:\/\/vskoe.de\/index.php?rest_route=%2Fwp%2Fv2%2Fmedia&parent=1137"}],"curies":[{"name":"wp","href":"https:\/\/api.w.org\/{rel}","templated":true}]}}